{"id":23,"date":"2025-07-03T18:22:45","date_gmt":"2025-07-03T18:22:45","guid":{"rendered":"https:\/\/martinevertelt-h6v7todczk.live-website.com\/over\/"},"modified":"2025-10-23T21:05:43","modified_gmt":"2025-10-23T21:05:43","slug":"over","status":"publish","type":"page","link":"https:\/\/martinevertelt.nl\/?page_id=23","title":{"rendered":"Over"},"content":{"rendered":"\n<div class=\"wp-block-cover alignfull has-aspect-ratio\" style=\"margin-top:0;margin-bottom:0;padding-top:var(--wp--preset--spacing--50);padding-bottom:var(--wp--preset--spacing--50);aspect-ratio:auto;min-height:unset;\"><img loading=\"lazy\" decoding=\"async\" width=\"1440\" height=\"960\" class=\"wp-block-cover__image-background wp-image-245\" alt=\"\" src=\"https:\/\/martinevertelt.nl\/wp-content\/uploads\/2025\/10\/5fdf84f38c67c2266650b65b2c83d7c86e0e6538.jpg\" data-object-fit=\"cover\" srcset=\"https:\/\/martinevertelt.nl\/wp-content\/uploads\/2025\/10\/5fdf84f38c67c2266650b65b2c83d7c86e0e6538.jpg 1440w, https:\/\/martinevertelt.nl\/wp-content\/uploads\/2025\/10\/5fdf84f38c67c2266650b65b2c83d7c86e0e6538-300x200.jpg 300w, https:\/\/martinevertelt.nl\/wp-content\/uploads\/2025\/10\/5fdf84f38c67c2266650b65b2c83d7c86e0e6538-1024x683.jpg 1024w, https:\/\/martinevertelt.nl\/wp-content\/uploads\/2025\/10\/5fdf84f38c67c2266650b65b2c83d7c86e0e6538-768x512.jpg 768w\" sizes=\"auto, (max-width: 1440px) 100vw, 1440px\" \/><span aria-hidden=\"true\" class=\"wp-block-cover__background has-foreground-background-color has-background-dim-80 has-background-dim\"><\/span><div class=\"wp-block-cover__inner-container has-global-padding is-layout-constrained wp-block-cover-is-layout-constrained\">\n<div class=\"wp-block-group alignwide is-nowrap is-layout-flex wp-container-core-group-is-layout-6c531013 wp-block-group-is-layout-flex\">\n<p class=\"has-text-align-center has-text-color has-link-color wp-elements-e1c42d2ee21d1c41676e1007bfecee9a\" style=\"color:#fafafa;font-size:clamp(1.188rem, 1.188rem + ((1vw - 0.2rem) * 1.153), 1.88rem);\">Over<\/p>\n<\/div>\n<\/div><\/div>\n\n\n\n<div class=\"wp-block-group alignfull has-background-background-color has-background has-global-padding is-layout-constrained wp-container-core-group-is-layout-7276a2bb wp-block-group-is-layout-constrained\" id=\"over-ons\" style=\"margin-top:0;margin-bottom:0;padding-top:var(--wp--preset--spacing--60);padding-right:var(--wp--preset--spacing--30);padding-bottom:var(--wp--preset--spacing--60);padding-left:var(--wp--preset--spacing--30)\">\n<div class=\"wp-block-columns alignwide is-layout-flex wp-container-core-columns-is-layout-47c06fe3 wp-block-columns-is-layout-flex\">\n<div class=\"wp-block-column is-layout-flow wp-container-core-column-is-layout-119bc444 wp-block-column-is-layout-flow\" style=\"flex-basis:60%\">\n<h2 class=\"wp-block-heading\">Martine Vertelt<\/h2>\n\n\n\n<p class=\"has-medium-font-size\" style=\"margin-top:16px\">Schrijven zit er bij mij al in sinds ik een pen kon vasthouden. Van filmscripts (die helaas nooit zijn verfilmd) tot boeken die meestal strandden bij hoofdstuk \u00e9\u00e9n.. Ik heb altijd wel een verhaal in mijn hoofd gehad. Later schreef ik stukjes in mijn telefoon: grappige situaties, hersenspinsels, observaties uit het dagelijks leven. Maar meestal belandden die weer in de prullenbak. Want wie zit daar nou op te wachten?<\/p>\n\n\n\n<p>Tot ik tijdens een goed gesprek met een vriendin ineens dacht: waarom eigenlijk niet? Misschien kunnen mensen er om lachen, of er zelfs iets uithalen. De wereld is tenslotte al serieus genoeg.<\/p>\n\n\n\n<p>Ik begon met het delen van deze stukjes op Instagram via Martine Vertelt en kreeg onverwacht mooie reacties. Mensen herkenden zich in mijn verhalen, lachten erom, of vonden het gewoon fijn om even iets luchtigs te lezen. En eerlijk? Dat raakte me. Want hoe klein zo\u2019n stukje ook is, het kan echt iets betekenen.<\/p>\n\n\n\n<p>Nu lijkt het me geweldig om ook voor anderen te mogen schrijven. Voor websites, nieuwsbrieven, kranten, tijdschriften of iets heel anders. Of je nou iets luchtigs zoekt of een stukje met n\u00e9t dat beetje gevoel: ik help je graag. Natuurlijk, ChatGPT kan tegenwoordig ook \u2018alles\u2019 schrijven, maar het menselijke gevoel, de knipoog, of dat \u00e9ne zinnetje dat het \u00e9cht maakt, d\u00e1t is wat ik je kan bieden.<\/p>\n\n\n\n<p class=\"has-medium-font-size\" style=\"margin-top:16px\">Leuk dat je op mijn site bent beland! Voel je vooral vrij om contact op te nemen als je denkt: h\u00e9, daar wil ik Martine wel voor inschakelen. Wie weet wat voor moois we samen kunnen maken.<\/p>\n<\/div>\n\n\n\n<div class=\"wp-block-column is-vertically-aligned-top is-layout-flow wp-container-core-column-is-layout-f5bb311e wp-block-column-is-layout-flow\" style=\"flex-basis:50%\">\n<div class=\"wp-block-columns are-vertically-aligned-bottom is-layout-flex wp-container-core-columns-is-layout-28f84493 wp-block-columns-is-layout-flex\">\n<div class=\"wp-block-column is-vertically-aligned-bottom is-layout-flow wp-block-column-is-layout-flow\" style=\"flex-basis:100%\">\n<div class=\"wp-block-cover alignleft\" style=\"border-top-left-radius:1rem;border-top-right-radius:20rem;border-bottom-left-radius:20rem;border-bottom-right-radius:20rem;min-height:779px;aspect-ratio:unset;\"><img loading=\"lazy\" decoding=\"async\" width=\"8256\" height=\"5504\" class=\"wp-block-cover__image-background wp-image-94 size-full\" alt=\"\" src=\"https:\/\/martinevertelt-h6v7todczk.live-website.com\/wp-content\/uploads\/2025\/07\/DSC_1724.jpg\" data-object-fit=\"cover\"\/><span aria-hidden=\"true\" class=\"wp-block-cover__background has-background-dim-0 has-background-dim\" style=\"background-color:#6a6055\"><\/span><div class=\"wp-block-cover__inner-container is-layout-flow wp-block-cover-is-layout-flow\">\n<div style=\"height:100px\" aria-hidden=\"true\" class=\"wp-block-spacer\"><\/div>\n<\/div><\/div>\n\n\n\n<div class=\"wp-block-group is-nowrap is-layout-flex wp-container-core-group-is-layout-6c531013 wp-block-group-is-layout-flex\"><\/div>\n\n\n\n<div class=\"wp-block-columns is-layout-flex wp-container-core-columns-is-layout-28f84493 wp-block-columns-is-layout-flex\">\n<div class=\"wp-block-column is-layout-flow wp-block-column-is-layout-flow\" style=\"flex-basis:66.66%\"><\/div>\n\n\n\n<div class=\"wp-block-column is-layout-flow wp-block-column-is-layout-flow\" style=\"flex-basis:33.33%\"><\/div>\n<\/div>\n<\/div>\n<\/div>\n<\/div>\n<\/div>\n<\/div>\n\n\n\n<div class=\"wp-block-group alignfull has-tertiary-background-color has-background has-global-padding is-layout-constrained wp-container-core-group-is-layout-7276a2bb wp-block-group-is-layout-constrained\" id=\"team\" style=\"margin-top:0;margin-bottom:0;padding-top:var(--wp--preset--spacing--60);padding-right:var(--wp--preset--spacing--30);padding-bottom:var(--wp--preset--spacing--60);padding-left:var(--wp--preset--spacing--30)\">\n<div class=\"wp-block-group alignwide is-vertical is-layout-flex wp-container-core-group-is-layout-fe9cc265 wp-block-group-is-layout-flex\">\n<div class=\"wp-block-group alignwide has-global-padding is-content-justification-left is-layout-constrained wp-container-core-group-is-layout-8b4c372c wp-block-group-is-layout-constrained\">\n<h2 class=\"wp-block-heading\" style=\"margin-top:12px\">Observaties vol humor en authenticiteit<\/h2>\n\n\n\n<p class=\"has-medium-font-size\" style=\"margin-top:16px\">Maak kennis met de creatieve geest achter Martine Vertelt.<\/p>\n<\/div>\n<\/div>\n\n\n\n<div class=\"wp-block-columns alignwide is-layout-flex wp-container-core-columns-is-layout-28f84493 wp-block-columns-is-layout-flex\">\n<div class=\"wp-block-column is-layout-flow wp-container-core-column-is-layout-f5bb311e wp-block-column-is-layout-flow\">\n<div class=\"wp-block-columns has-background-background-color has-background is-layout-flex wp-container-core-columns-is-layout-d47a2335 wp-block-columns-is-layout-flex\" style=\"border-radius:1.5rem;padding-top:1.5rem;padding-right:1.5rem;padding-bottom:1.5rem;padding-left:1.5rem\">\n<div class=\"wp-block-column is-layout-flow wp-block-column-is-layout-flow\" style=\"flex-basis:40%\">\n<figure class=\"wp-block-image size-full has-custom-border is-style-default\"><img loading=\"lazy\" decoding=\"async\" width=\"600\" height=\"800\" src=\"https:\/\/martinevertelt-h6v7todczk.live-website.com\/wp-content\/uploads\/2025\/07\/thumbnail.jpg\" alt=\"\" class=\"wp-image-111\" style=\"border-radius:1.5rem;aspect-ratio:1;object-fit:cover\"\/><\/figure>\n<\/div>\n\n\n\n<div class=\"wp-block-column is-layout-flow wp-block-column-is-layout-flow\" style=\"padding-top:var(--wp--preset--spacing--20);padding-bottom:var(--wp--preset--spacing--20)\">\n<h4 class=\"wp-block-heading\" style=\"font-size:clamp(15.747px, 0.984rem + ((1vw - 3.2px) * 0.86), 24px);\">Martine <\/h4>\n\n\n\n<p class=\"has-primary-color has-text-color has-small-font-size\" style=\"margin-top:4px\">Schrijfster &amp; Creatief Denker<\/p>\n\n\n\n<p class=\"has-small-font-size\" style=\"margin-top:12px\">Ik ben Martine (25) en het hoofd, hart en toetsenbord achter Martine Vertelt.<br>Ik schrijf stukjes in allerlei soorten en smaken, van columns tot webteksten.<br>Altijd met aandacht, en het liefst met een beetje karakter.<\/p>\n\n\n\n<p class=\"has-small-font-size\" style=\"margin-top:12px\"><\/p>\n<\/div>\n<\/div>\n<\/div>\n\n\n\n<div class=\"wp-block-column is-layout-flow wp-container-core-column-is-layout-f5bb311e wp-block-column-is-layout-flow\"><\/div>\n<\/div>\n<\/div>\n","protected":false},"excerpt":{"rendered":"<p>Martine Vertelt Schrijven zit er bij mij al in sinds ik een pen kon vasthouden. Van filmscripts (die helaas nooit zijn verfilmd) tot boeken die meestal strandden bij hoofdstuk \u00e9\u00e9n.. Ik heb altijd wel een verhaal in mijn hoofd gehad. Later schreef ik stukjes in mijn telefoon: grappige situaties, hersenspinsels, observaties uit het dagelijks leven. [&hellip;]<\/p>\n","protected":false},"author":1,"featured_media":0,"parent":0,"menu_order":0,"comment_status":"closed","ping_status":"closed","template":"no-title","meta":{"footnotes":""},"class_list":["post-23","page","type-page","status-publish","hentry"],"_links":{"self":[{"href":"https:\/\/martinevertelt.nl\/index.php?rest_route=\/wp\/v2\/pages\/23","targetHints":{"allow":["GET"]}}],"collection":[{"href":"https:\/\/martinevertelt.nl\/index.php?rest_route=\/wp\/v2\/pages"}],"about":[{"href":"https:\/\/martinevertelt.nl\/index.php?rest_route=\/wp\/v2\/types\/page"}],"author":[{"embeddable":true,"href":"https:\/\/martinevertelt.nl\/index.php?rest_route=\/wp\/v2\/users\/1"}],"replies":[{"embeddable":true,"href":"https:\/\/martinevertelt.nl\/index.php?rest_route=%2Fwp%2Fv2%2Fcomments&post=23"}],"version-history":[{"count":11,"href":"https:\/\/martinevertelt.nl\/index.php?rest_route=\/wp\/v2\/pages\/23\/revisions"}],"predecessor-version":[{"id":246,"href":"https:\/\/martinevertelt.nl\/index.php?rest_route=\/wp\/v2\/pages\/23\/revisions\/246"}],"wp:attachment":[{"href":"https:\/\/martinevertelt.nl\/index.php?rest_route=%2Fwp%2Fv2%2Fmedia&parent=23"}],"curies":[{"name":"wp","href":"https:\/\/api.w.org\/{rel}","templated":true}]}}